{"id":138,"date":"2026-04-09T11:11:46","date_gmt":"2026-04-09T09:11:46","guid":{"rendered":"http:\/\/paraiso-joyosa.com\/?page_id=138"},"modified":"2026-04-10T11:06:00","modified_gmt":"2026-04-10T09:06:00","slug":"ausstattung","status":"publish","type":"page","link":"https:\/\/paraiso-joyosa.com\/en\/ausstattung\/","title":{"rendered":"Equipment"},"content":{"rendered":"<div data-elementor-type=\"wp-page\" data-elementor-id=\"138\" class=\"elementor elementor-138\" data-elementor-post-type=\"page\">\n\t\t\t\t<div class=\"elementor-element elementor-element-6808c9e e-con-full e-flex e-con e-parent\" data-id=\"6808c9e\" data-element_type=\"container\" data-e-type=\"container\">\n\t\t\t\t<div class=\"elementor-element elementor-element-eb02437 elementor-widget elementor-widget-html\" data-id=\"eb02437\" data-element_type=\"widget\" data-e-type=\"widget\" data-widget_type=\"html.default\">\n\t\t\t\t\t<style>\n.pj-amenities-page {\n  background: #f7f3ed;\n  padding: 100px 0;\n}\n\n.pj-amenities-container {\n  width: 100%;\n  max-width: 1250px;\n  margin: 0 auto;\n  padding: 0 30px;\n  box-sizing: border-box;\n}\n\n.pj-amenities-kicker {\n  font-family: Arial, Helvetica, sans-serif;\n  font-size: 11px;\n  letter-spacing: 0.22em;\n  text-transform: uppercase;\n  color: #9a846d;\n  margin-bottom: 16px;\n}\n\n.pj-amenities-title {\n  font-family: Georgia, \"Times New Roman\", serif;\n  font-size: clamp(42px, 5vw, 64px);\n  line-height: 1.03;\n  color: #1f1a17;\n  margin: 0 0 26px;\n  max-width: 800px;\n}\n\n.pj-amenities-intro {\n  max-width: 780px;\n  font-family: Arial, Helvetica, sans-serif;\n  font-size: 16px;\n  line-height: 1.9;\n  color: #6f675f;\n  margin-bottom: 42px;\n}\n\n.pj-amenities-highlights {\n  display: grid;\n  grid-template-columns: repeat(4, 1fr);\n  gap: 14px;\n  margin-bottom: 52px;\n}\n\n.pj-amenities-highlight {\n  border: 1px solid #ddd4ca;\n  padding: 18px 16px;\n  background: transparent;\n}\n\n.pj-amenities-highlight small {\n  display: block;\n  font-family: Arial, Helvetica, sans-serif;\n  font-size: 11px;\n  letter-spacing: 0.18em;\n  text-transform: uppercase;\n  color: #9a846d;\n  margin-bottom: 10px;\n}\n\n.pj-amenities-highlight span {\n  font-family: Arial, Helvetica, sans-serif;\n  font-size: 15px;\n  line-height: 1.5;\n  color: #1f1a17;\n}\n\n.pj-amenities-divider {\n  height: 1px;\n  background: #e5ddd3;\n  margin: 0 0 54px;\n}\n\n.pj-amenities-grid {\n  display: grid;\n  grid-template-columns: repeat(3, 1fr);\n  gap: 40px;\n}\n\n.pj-amenities-col h3 {\n  font-family: Georgia, \"Times New Roman\", serif;\n  font-size: 22px;\n  color: #1f1a17;\n  margin: 0 0 20px;\n}\n\n.pj-amenities-list {\n  list-style: none;\n  padding: 0;\n  margin: 0 0 34px;\n}\n\n.pj-amenities-list li {\n  font-family: Arial, Helvetica, sans-serif;\n  font-size: 15px;\n  color: #4f4943;\n  line-height: 1.7;\n  padding: 11px 0;\n  border-bottom: 1px solid #e5ddd3;\n}\n\n.pj-amenities-list li::before {\n  content: \"\u2014 \";\n  color: #9a846d;\n}\n\n.pj-amenities-note {\n  font-family: Arial, Helvetica, sans-serif;\n  font-size: 14px;\n  line-height: 1.7;\n  color: #7b736b;\n  margin-top: -20px;\n  margin-bottom: 24px;\n}\n\n@media (max-width: 1024px) {\n  .pj-amenities-highlights {\n    grid-template-columns: repeat(2, 1fr);\n  }\n\n  .pj-amenities-grid {\n    grid-template-columns: 1fr 1fr;\n  }\n}\n\n@media (max-width: 767px) {\n  .pj-amenities-page {\n    padding: 70px 0;\n  }\n\n  .pj-amenities-container {\n    padding: 0 20px;\n  }\n\n  .pj-amenities-highlights,\n  .pj-amenities-grid {\n    grid-template-columns: 1fr;\n  }\n}\n<\/style>\n\n<section class=\"pj-amenities-page\" id=\"ausstattung\">\n  <div class=\"pj-amenities-container\">\n\n    <div class=\"pj-amenities-kicker\">Equipment<\/div>\n\n    <h2 class=\"pj-amenities-title\">\n      What's important for your stay\n    <\/h2>\n\n    <div class=\"pj-amenities-intro\">\n      from Wi-Fi, a fully equipped kitchen and air conditioning to a private bathroom, a comfortable living area, and a location just steps from the beach. The accommodation is perfect for anyone looking to combine comfort, privacy, and a Mediterranean lifestyle.\n    <\/div>\n\n    <div class=\"pj-amenities-highlights\">\n      <div class=\"pj-amenities-highlight\">\n        <small>popular<\/small>\n        <span>free WiFi<\/span>\n      <\/div>\n\n      <div class=\"pj-amenities-highlight\">\n        <small>Location<\/small>\n        <span>beachfront<\/span>\n      <\/div>\n\n      <div class=\"pj-amenities-highlight\">\n        <small>Komfort<\/small>\n        <span>private bathroom<\/span>\n      <\/div>\n\n      <div class=\"pj-amenities-highlight\">\n        <small>Good to know<\/small>\n        <span>Pets allowed<\/span>\n      <\/div>\n    <\/div>\n\n    <div class=\"pj-amenities-divider\"><\/div>\n\n    <div class=\"pj-amenities-grid\">\n\n      <div class=\"pj-amenities-col\">\n        <h3>General &amp; kitchen<\/h3>\n        <ul class=\"pj-amenities-list\">\n          <li>private bathroom<\/li>\n          <li>Pets allowed<\/li>\n          <li>free WiFi<\/li>\n          <li>beachfront<\/li>\n          <li>Beach nearby<\/li>\n          <li>Air conditioning<\/li>\n          <li>Restaurant<\/li>\n          <li>Washing machine<\/li>\n          <li>no smoking room<\/li>\n          <li>Kitchen<\/li>\n        <\/ul>\n\n        <h3>parking<\/h3>\n        <div class=\"pj-amenities-note\">\n          no seperate parking area\n        <\/div>\n\n        <h3>Internet<\/h3>\n        <div class=\"pj-amenities-note\">\n          WiFi for free\n        <\/div>\n\n        <h3>Kitchen<\/h3>\n        <ul class=\"pj-amenities-list\">\n          <li>Table<\/li>\n          <li>Coffee machine<\/li>\n          <li>Toaster<\/li>\n          <li>Cooktop<\/li>\n          <li>Kitchenware<\/li>\n          <li>Kitchen<\/li>\n          <li>Washing machine<\/li>\n          <li>Mikrowave oven<\/li>\n          <li>Refriderator<\/li>\n          <li>Kitchenette<\/li>\n        <\/ul>\n\n        <h3>Sleeping room<\/h3>\n        <ul class=\"pj-amenities-list\">\n          <li>Bed linen<\/li>\n          <li>Closet<\/li>\n        <\/ul>\n      <\/div>\n\n      <div class=\"pj-amenities-col\">\n        <h3>bathroom<\/h3>\n        <ul class=\"pj-amenities-list\">\n          <li>toilet paper<\/li>\n          <li>towels<\/li>\n          <li> shower<\/li>\n          <li>private bathroom<\/li>\n          <li>WC<\/li>\n          <li>shower<\/li>\n        <\/ul>\n\n        <h3>Living area<\/h3>\n        <ul class=\"pj-amenities-list\">\n          <li>Sofa<\/li>\n          <li>Seating area<\/li>\n        <\/ul>\n\n        <h3>Room amenities<\/h3>\n        <ul class=\"pj-amenities-list\">\n          <li>Power outlet near the bed<\/li>\n          <li>Sofa bed<\/li>\n          <li>Drying rack<\/li>\n        <\/ul>\n\n        <h3>Pets<\/h3>\n        <div class=\"pj-amenities-note\">\n          Pets allowed.\n        <\/div>\n\n        <h3>Outdoor area<\/h3>\n        <ul class=\"pj-amenities-list\">\n          <li>Outdoor furniture<\/li>\n          <li>beachfront<\/li>\n        <\/ul>\n\n        <h3>Wellness<\/h3>\n        <ul class=\"pj-amenities-list\">\n          <li>Sun umbrellas<\/li>\n          <li>Sun loungers<\/li>\n        <\/ul>\n\n        <h3>Food &amp; Drinks<\/h3>\n        <ul class=\"pj-amenities-list\">\n          <li>Nearby caf\u00e9<\/li>\n          \n          <li>Snackbar<\/li>\n          <li>Restaurant<\/li>\n        <\/ul>\n      <\/div>\n\n      <div class=\"pj-amenities-col\">\n        <h3>Activities<\/h3>\n        <ul class=\"pj-amenities-list\">\n          <li>Beach nearby<\/li>\n          <li>Badminton set<\/li>\n        <\/ul>\n\n        <h3>Building<\/h3>\n        <ul class=\"pj-amenities-list\">\n          <li>Eigenst\u00e4ndig<\/li>\n        <\/ul>\n\n        <h3>Service<\/h3>\n        <ul class=\"pj-amenities-list\">\n          <li>Invoice upon request<\/li>\n          <li>private check-in<\/li>\n        <\/ul>\n\n        <h3>Family-friendly<\/h3>\n        <ul class=\"pj-amenities-list\">\n          <li>Children\u2019s outdoor play equipment<\/li>\n          <li>Board games\/ puzzles<\/li>\n          <li>Flat-screen TV<\/li>\n          <li>TV<\/li>\n        <\/ul>\n\n        <h3>Sonstiges<\/h3>\n        <ul class=\"pj-amenities-list\">\n          <li>Air conditioning<\/li>\n          <li>Non-smoking property<\/li>\n          <li>Hypoallergenic rooms available<\/li>\n          <li>General heating<\/li>\n          <li>no smoking room<\/li>\n        <\/ul>\n\n        <h3>Security<\/h3>\n        <ul class=\"pj-amenities-list\">\n          <li>key access<\/li>\n        <\/ul>\n\n        <h3>Languages spoken<\/h3>\n        <ul class=\"pj-amenities-list\">\n          <li>english<\/li>\n          <li>spanish<\/li>\n        <\/ul>\n      <\/div>\n\n    <\/div>\n  <\/div>\n<\/section>\t\t\t\t<\/div>\n\t\t\t\t<\/div>\n\t\t\t\t<\/div>","protected":false},"excerpt":{"rendered":"<p>Ausstattung Alles Wichtige f\u00fcr deinen Aufenthalt. Para\u00edso Joyosa bietet dir alles f\u00fcr entspannte Tage am Meer: von WLAN, K\u00fcche und Klimaanlage bis zu eigenem Bad, Wohnbereich und strandnaher Lage. Die Unterkunft ist ideal f\u00fcr alle, die Komfort, Privatsph\u00e4re und mediterranes Lebensgef\u00fchl verbinden m\u00f6chten. Besonders beliebt WLAN inklusive Lage Am Strand Komfort Eigenes Badezimmer Gut zu [&hellip;]<\/p>\n","protected":false},"author":1,"featured_media":0,"parent":0,"menu_order":0,"comment_status":"closed","ping_status":"closed","template":"","meta":{"footnotes":""},"class_list":["post-138","page","type-page","status-publish","hentry"],"_links":{"self":[{"href":"https:\/\/paraiso-joyosa.com\/en\/wp-json\/wp\/v2\/pages\/138","targetHints":{"allow":["GET"]}}],"collection":[{"href":"https:\/\/paraiso-joyosa.com\/en\/wp-json\/wp\/v2\/pages"}],"about":[{"href":"https:\/\/paraiso-joyosa.com\/en\/wp-json\/wp\/v2\/types\/page"}],"author":[{"embeddable":true,"href":"https:\/\/paraiso-joyosa.com\/en\/wp-json\/wp\/v2\/users\/1"}],"replies":[{"embeddable":true,"href":"https:\/\/paraiso-joyosa.com\/en\/wp-json\/wp\/v2\/comments?post=138"}],"version-history":[{"count":10,"href":"https:\/\/paraiso-joyosa.com\/en\/wp-json\/wp\/v2\/pages\/138\/revisions"}],"predecessor-version":[{"id":278,"href":"https:\/\/paraiso-joyosa.com\/en\/wp-json\/wp\/v2\/pages\/138\/revisions\/278"}],"wp:attachment":[{"href":"https:\/\/paraiso-joyosa.com\/en\/wp-json\/wp\/v2\/media?parent=138"}],"curies":[{"name":"wp","href":"https:\/\/api.w.org\/{rel}","templated":true}]}}